{"id":892,"date":"2020-09-25T08:09:56","date_gmt":"2020-09-25T08:09:56","guid":{"rendered":"https:\/\/coworkingikira.com\/?page_id=892"},"modified":"2023-02-05T15:12:11","modified_gmt":"2023-02-05T15:12:11","slug":"politica-de-cookies","status":"publish","type":"page","link":"https:\/\/ikiracoworking.com\/?page_id=892","title":{"rendered":"Pol\u00edtica de cookies"},"content":{"rendered":"\t\t<div data-elementor-type=\"wp-page\" data-elementor-id=\"892\" class=\"elementor elementor-892\" data-elementor-post-type=\"page\">\n\t\t\t\t\t\t<section class=\"elementor-section elementor-top-section elementor-element elementor-element-9569d1c elementor-section-content-middle elementor-reverse-mobile elementor-section-boxed elementor-section-height-default elementor-section-height-default\" data-id=\"9569d1c\" data-element_type=\"section\" data-settings=\"{&quot;background_background&quot;:&quot;gradient&quot;}\">\n\t\t\t\t\t\t\t<div class=\"elementor-background-overlay\"><\/div>\n\t\t\t\t\t\t\t<div class=\"elementor-container elementor-column-gap-default\">\n\t\t\t\t\t<div class=\"elementor-column elementor-col-100 elementor-top-column elementor-element elementor-element-fbc31e7\" data-id=\"fbc31e7\" data-element_type=\"column\">\n\t\t\t<div class=\"elementor-widget-wrap elementor-element-populated\">\n\t\t\t\t\t\t<div class=\"elementor-element elementor-element-0d1e46c elementor-widget elementor-widget-heading\" data-id=\"0d1e46c\" data-element_type=\"widget\" data-widget_type=\"heading.default\">\n\t\t\t\t<div class=\"elementor-widget-container\">\n\t\t\t\t\t<h2 class=\"elementor-heading-title elementor-size-default\">POL\u00cdTICA DE COOKIES\n\n<\/h2>\t\t\t\t<\/div>\n\t\t\t\t<\/div>\n\t\t\t\t<div class=\"elementor-element elementor-element-2abf9bb elementor-widget-divider--view-line_icon elementor-view-default elementor-widget-divider--element-align-center elementor-widget elementor-widget-divider\" data-id=\"2abf9bb\" data-element_type=\"widget\" data-widget_type=\"divider.default\">\n\t\t\t\t<div class=\"elementor-widget-container\">\n\t\t\t\t\t\t\t<div class=\"elementor-divider\">\n\t\t\t<span class=\"elementor-divider-separator\">\n\t\t\t\t\t\t\t<div class=\"elementor-icon elementor-divider__element\">\n\t\t\t\t\t<i aria-hidden=\"true\" class=\"fas fa-caret-down\"><\/i><\/div>\n\t\t\t\t\t\t<\/span>\n\t\t<\/div>\n\t\t\t\t\t\t<\/div>\n\t\t\t\t<\/div>\n\t\t\t\t\t<\/div>\n\t\t<\/div>\n\t\t\t\t\t<\/div>\n\t\t<\/section>\n\t\t\t\t<section class=\"elementor-section elementor-top-section elementor-element elementor-element-602f4dd elementor-section-boxed elementor-section-height-default elementor-section-height-default\" data-id=\"602f4dd\" data-element_type=\"section\">\n\t\t\t\t\t\t<div class=\"elementor-container elementor-column-gap-default\">\n\t\t\t\t\t<div class=\"elementor-column elementor-col-100 elementor-top-column elementor-element elementor-element-cac5212\" data-id=\"cac5212\" data-element_type=\"column\">\n\t\t\t<div class=\"elementor-widget-wrap elementor-element-populated\">\n\t\t\t\t\t\t<div class=\"elementor-element elementor-element-7164433 elementor-widget elementor-widget-text-editor\" data-id=\"7164433\" data-element_type=\"widget\" data-widget_type=\"text-editor.default\">\n\t\t\t\t<div class=\"elementor-widget-container\">\n\t\t\t\t\t\t\t\t\t<ol><li><p><b>POL\u00cdTICA DE COOKIES<\/b><\/p><p><span style=\"font-weight: 400;\">\u00a0<\/span><\/p><p><span style=\"font-weight: 400;\">\u00a0<\/span><\/p><ol><li><b> \u00das de cookies<\/b><\/li><\/ol><p><span style=\"font-weight: 400;\">\u00a0<\/span><\/p><p><span style=\"font-weight: 400;\">La p\u00e0gina web https:\/\/ikiracoworking.com\/ titularitat de Janina Costafreda Angles i amb domicili a Av Francesc Maci\u00e0 7 , Lleida 25007 i amb n\u00famero d&#8217;identitat 47697812K utilitza cookies.<\/span><\/p><p><span style=\"font-weight: 400;\">Les cookies s\u00f3n fitxers que es descarreguen al vostre ordinador en accedir a determinades p\u00e0gines web. Les galetes permeten a una p\u00e0gina web, entre altres coses, emmagatzemar i recuperar informaci\u00f3 sobre els h\u00e0bits de navegaci\u00f3 d&#8217;un usuari o del seu equip i, depenent de la informaci\u00f3 que continguin i de la manera com utilitzi el seu equip.<\/span><\/p><p><span style=\"font-weight: 400;\">A m\u00e9s, milloren el seu proc\u00e9s de navegaci\u00f3, ja que permeten que la p\u00e0gina web ofereixi a l&#8217;usuari informaci\u00f3 que pot ser del seu inter\u00e8s en funci\u00f3 de l&#8217;\u00fas que en faci, del contingut.<\/span><\/p><p><span style=\"font-weight: 400;\">En cas de no voler rebre cookies, si us plau configureu el vostre navegador d&#8217;Internet, perqu\u00e8 les esborri del disc dur del vostre ordinador, les bloquegeu o us avisi en cas d&#8217;instal\u00b7laci\u00f3 de les mateixes. Per continuar sense canvis en la configuraci\u00f3 de les galetes, simplement, continueu a la p\u00e0gina web.<\/span><\/p><p><span style=\"font-weight: 400;\">\u00a0<\/span><\/p><ol start=\"2\"><li><b> Consentiment<\/b><\/li><\/ol><p><span style=\"font-weight: 400;\">\u00a0<\/span><\/p><p><span style=\"font-weight: 400;\">Les cookies que utilitzem no emmagatzemen cap dada personal, ni cap tipus d&#8217;informaci\u00f3 que us pugui identificar, llevat que es vulgui registrar, de forma volunt\u00e0ria per tal d&#8217;utilitzar els serveis que posem a la vostra disposici\u00f3 o de rebre informaci\u00f3 sobre promocions i continguts del vostre inter\u00e8s .<\/span><\/p><p><span style=\"font-weight: 400;\">En navegar per primera vegada apareixer\u00e0 un banner explicatiu de l&#8217;\u00fas de les cookies. Podreu acceptar totes les cookies o b\u00e9 triar si voleu nom\u00e9s acceptar nom\u00e9s les cookies essencials o t\u00e8cniques, que s\u00f3n necess\u00e0ries per al correcte funcionament per a la p\u00e0gina web; excloent les galetes anal\u00edtiques i de publicitat. Aquest consentiment \u00e9s v\u00e0lid per un per\u00edode de 13 mesos. En cas de no estar d&#8217;acord podeu enviar un correu electr\u00f2nic a janina@coworkingikira.com<\/span><\/p><p><span style=\"font-weight: 400;\">\u00a0<\/span><\/p><ol start=\"3\"><li><b> Tipus i finalitat de les cookies<\/b><\/li><\/ol><p><span style=\"font-weight: 400;\">\u00a0<\/span><\/p><p><span style=\"font-weight: 400;\">Les galetes, en funci\u00f3 de la seva perman\u00e8ncia, es poden classificar en:<\/span><\/p><ul><li style=\"font-weight: 400;\" aria-level=\"1\"><span style=\"font-weight: 400;\">Galetes de sessi\u00f3: expiren quan l&#8217;usuari tanca el navegador.<\/span><\/li><li style=\"font-weight: 400;\" aria-level=\"1\"><span style=\"font-weight: 400;\">Cookies persistents: expiren en funci\u00f3 quan es compleixi l&#8217;objectiu per al que serveixen (per exemple, perqu\u00e8 l&#8217;usuari es mantingui identificat a la p\u00e0gina web i als seus serveis o b\u00e9 quan s&#8217;esborren manualment).<\/span><\/li><\/ul><p><span style=\"font-weight: 400;\">Les cookies en funci\u00f3 del seu objectiu poden classificar-se de la manera seg\u00fcent:<\/span><\/p><ul><li style=\"font-weight: 400;\" aria-level=\"1\"><span style=\"font-weight: 400;\">Galetes de rendiment (t\u00e8cniques i de personalitzaci\u00f3): Aquest tipus de galeta recorda les seves prefer\u00e8ncies per a les eines que es troben als serveis, per la qual cosa no ha de tornar a configurar el servei cada vegada que visiteu. A tall d&#8217;exemple, en aquesta tipologia s&#8217;inclouen: ajustaments de volum de reproductors de v\u00eddeo o so i les velocitats de transmissi\u00f3 de v\u00eddeo que siguin compatibles amb el vostre navegador.<\/span><\/li><li style=\"font-weight: 400;\" aria-level=\"1\"><span style=\"font-weight: 400;\">Galetes de geo-localitzaci\u00f3: Aquestes galetes s\u00f3n utilitzades per esbrinar a quin pa\u00eds es troba quan se sol\u00b7licita un servei. Aquesta galeta \u00e9s totalment an\u00f2nima, i nom\u00e9s s&#8217;utilitza per ajudar a orientar el contingut a la vostra ubicaci\u00f3.<\/span><\/li><li style=\"font-weight: 400;\" aria-level=\"1\"><span style=\"font-weight: 400;\">Galetes de registre (t\u00e8cniques i de personalitzaci\u00f3): Les galetes de registre es generen una vegada que l&#8217;usuari s&#8217;ha registrat o posteriorment ha obert la sessi\u00f3, i s&#8217;utilitzen per identificar-lo en els serveis amb els objectius seg\u00fcents:<\/span><ul><li style=\"font-weight: 400;\" aria-level=\"2\"><span style=\"font-weight: 400;\">Mantenir l&#8217;Usuari identificat de manera que, si tanqueu un servei, el navegador o l&#8217;ordinador i en un altre moment o un altre dia torneu a entrar en aquest servei, seguireu identificat, facilitant aix\u00ed la vostra navegaci\u00f3 sense haver de tornar a identificar-vos. Aquesta funcionalitat es pot suprimir si l&#8217;usuari prem la funcionalitat \u201ctancar sessi\u00f3\u201d, de manera que aquesta Cookie s&#8217;elimina i la propera vegada que entri al servei l&#8217;usuari haur\u00e0 d&#8217;iniciar sessi\u00f3 per estar identificat.<\/span><\/li><li style=\"font-weight: 400;\" aria-level=\"2\"><span style=\"font-weight: 400;\">Comproveu si l&#8217;usuari est\u00e0 autoritzat per accedir a certs serveis, per exemple, per participar en un concurs.<\/span><\/li><\/ul><\/li><li style=\"font-weight: 400;\" aria-level=\"1\"><span style=\"font-weight: 400;\">Galetes d&#8217;anal\u00edtiques: Cada vegada que un Usuari visita un servei o informaci\u00f3 de la p\u00e0gina web o una eina d&#8217;un prove\u00efdor extern (Google Analytics, Comscore i similars que es podran afegir a aquest llistat en cas que vari\u00efn en relaci\u00f3 amb els actuals) genera una galeta anal\u00edtica a l&#8217;ordinador de l&#8217;usuari. Aquesta galeta que nom\u00e9s es genera a la visita, servir\u00e0 en properes visites als serveis de la p\u00e0gina web per identificar de forma an\u00f2nima el visitant. Els objectius principals que es persegueixen s\u00f3n:<\/span><ul><li style=\"font-weight: 400;\" aria-level=\"2\"><span style=\"font-weight: 400;\">Permetre la identificaci\u00f3 an\u00f2nima dels usuaris navegants a trav\u00e9s de la galeta (identifica navegadors i dispositius, no persones) i, per tant, la comptabilitzaci\u00f3 aproximada del nombre de visitants i la seva tend\u00e8ncia en el temps.<\/span><\/li><li style=\"font-weight: 400;\" aria-level=\"2\"><span style=\"font-weight: 400;\">Identificar de forma an\u00f2nima els continguts m\u00e9s visitats i, per tant, m\u00e9s atractius per als usuaris.<\/span><\/li><li style=\"font-weight: 400;\" aria-level=\"2\"><span style=\"font-weight: 400;\">Saber si lusuari que est\u00e0 accedint \u00e9s nou o repeteix visita. Important: Llevat que l&#8217;usuari decideixi registrar-se en algun servei o contingut de la p\u00e0gina web, la galeta mai no anir\u00e0 associada a cap dada de car\u00e0cter personal que el pugui identificar. Aquestes galetes nom\u00e9s seran utilitzades amb prop\u00f2sits estad\u00edstics que ajudin a l&#8217;optimitzaci\u00f3 de l&#8217;experi\u00e8ncia dels usuaris a la p\u00e0gina web.<\/span><\/li><\/ul><\/li><li style=\"font-weight: 400;\" aria-level=\"1\"><span style=\"font-weight: 400;\">Cookies publicit\u00e0ries pr\u00f2pies: serveixen per gestionar el titular de la p\u00e0gina web si un Usuari ha visitat o no la publicitat que hi ha incl\u00f2s. Tamb\u00e9 permeten la gesti\u00f3 d&#8217;espais publicitaris a la p\u00e0gina emmagatzemant dades del comportament de l&#8217;usuari en la navegaci\u00f3 per poder oferir anuncis publicitaris.<\/span><\/li><li style=\"font-weight: 400;\" aria-level=\"1\"><span style=\"font-weight: 400;\">Galetes publicit\u00e0ries de tercers: A m\u00e9s de la publicitat gestionada per la p\u00e0gina web en els seus continguts o serveis, podr\u00e0 oferir als seus anunciants l&#8217;opci\u00f3 de servir anuncis a trav\u00e9s de tercers (AdServers). D&#8217;aquesta manera, aquests tercers poden emmagatzemar cookies enviades des dels continguts de la p\u00e0gina web procedents dels navegadors dels Usuaris, aix\u00ed com accedir a les dades que s&#8217;hi guarden. Les empreses que generen aquestes galetes tenen les seves pr\u00f2pies pol\u00edtiques de privadesa.<\/span><\/li><\/ul><ol start=\"4\"><li><b> Com bloquejar o eliminar les cookies instal\u00b7lades<\/b><\/li><\/ol><p><span style=\"font-weight: 400;\">\u00a0<\/span><\/p><p><span style=\"font-weight: 400;\">Podeu permetre, bloquejar o eliminar les cookies instal\u00b7lades al vostre equip mitjan\u00e7ant la configuraci\u00f3 de les opcions del vostre navegador. Podeu trobar informaci\u00f3 sobre com fer-ho, en relaci\u00f3 amb els navegadors m\u00e9s comuns, als links que s&#8217;inclouen a continuaci\u00f3:<\/span><\/p><p><span style=\"font-weight: 400;\">\u00a0<\/span><\/p><p><span style=\"font-weight: 400;\">Explorer: <\/span><a href=\"https:\/\/support.microsoft.com\/es-es\/kb\/278835\"><span style=\"font-weight: 400;\">https:\/\/support.microsoft.com\/es-es\/kb\/278835<\/span><\/a><\/p><p><span style=\"font-weight: 400;\">Chrome:<\/span><span style=\"font-weight: 400;\">\u00a0\u00a0\u00a0\u00a0 \u00a0<\/span><a href=\"http:\/\/support.google.com\/chrome\/bin\/answer.py?hl=es&amp;answer=95647\"><span style=\"font-weight: 400;\">http:\/\/support.google.com\/chrome\/bin\/answer.py?hl=ca&amp;answer=95647<\/span><\/a><\/p><p><span style=\"font-weight: 400;\">Firefox: <\/span><a href=\"https:\/\/support.mozilla.org\/es\/kb\/Borrar%20cookies\"><span style=\"font-weight: 400;\">https:\/\/support.mozilla.org\/ca\/kb\/Esborrar%20cookies<\/span><\/a><\/p><p><span style=\"font-weight: 400;\">Safari:<\/span><span style=\"font-weight: 400;\">\u00a0\u00a0\u00a0\u00a0\u00a0\u00a0\u00a0 \u00a0<\/span><a href=\"http:\/\/support.apple.com\/kb\/ph5042\"><span style=\"font-weight: 400;\">http:\/\/support.apple.com\/kb\/ph5042<\/span><\/a><\/p><p><span style=\"font-weight: 400;\">\u00a0<\/span><\/p><p><span style=\"font-weight: 400;\">Us informem, per\u00f2, de la possibilitat que la desactivaci\u00f3 d&#8217;alguna galeta impedeixi o dificulti la navegaci\u00f3 o la prestaci\u00f3 dels serveis oferts a la p\u00e0gina web.<\/span><\/p><p><span style=\"font-weight: 400;\">\u00a0<\/span><\/p><ol start=\"5\"><li><b> Modificacions<\/b><\/li><\/ol><p><span style=\"font-weight: 400;\">\u00a0<\/span><\/p><p><span style=\"font-weight: 400;\">La p\u00e0gina web https:\/\/ikiracoworking.com\/ titularitat de i amb domicili a Av Francesc Maci\u00e0 7 , Lleida 25007 i amb n\u00famero d&#8217;identitat 47697812K pot modificar aquesta pol\u00edtica de cookies en funci\u00f3 d&#8217;exig\u00e8ncies legals, o amb la finalitat d&#8217;adaptar aquesta pol\u00edtica a instruccions dictades per l&#8217;Ag\u00e8ncia Espanyola de Protecci\u00f3 de Dades.<\/span><\/p><p><span style=\"font-weight: 400;\">Per aquesta ra\u00f3, aconsellem als usuaris que la visitin peri\u00f2dicament. Quan es produeixin canvis significatius en aquesta pol\u00edtica de cookies, es comunicaran als usuaris b\u00e9 mitjan\u00e7ant el web o mitjan\u00e7ant correu electr\u00f2nic als usuaris registrats.<\/span><\/p><p><span style=\"font-weight: 400;\">\u00a0<\/span><\/p><p><span style=\"font-weight: 400;\">Aquesta politica de cookies va ser actualitzada el dia 01 de febrer de 2023 per adaptar-se al Reglament (UE) 2016\/679 del Parlament Europeu i del Consell, de 27 d&#8217;abril de 2016 relatiu a la protecci\u00f3 de les persones f\u00edsiques pel que fa al tractament de dades personals ia la lliure circulaci\u00f3 d&#8217;aquestes dades (RGPD)<\/span><\/p><\/li><\/ol>\t\t\t\t\t\t\t\t<\/div>\n\t\t\t\t<\/div>\n\t\t\t\t\t<\/div>\n\t\t<\/div>\n\t\t\t\t\t<\/div>\n\t\t<\/section>\n\t\t\t\t<\/div>\n\t\t","protected":false},"excerpt":{"rendered":"<p>POL\u00cdTICA DE COOKIES POL\u00cdTICA DE COOKIES \u00das de cookies La p\u00e0gina web https:\/\/ikiracoworking.com\/ titularitat de Janina Costafreda Angles i amb domicili a Av Francesc Maci\u00e0 7 , Lleida 25007 i amb n\u00famero d&#8217;identitat 47697812K utilitza cookies. Les cookies s\u00f3n fitxers que es descarreguen al vostre ordinador en accedir a determinades p\u00e0gines web. Les galetes permeten [&hellip;]<\/p>\n","protected":false},"author":1,"featured_media":0,"parent":0,"menu_order":0,"comment_status":"closed","ping_status":"closed","template":"","meta":{"site-sidebar-layout":"no-sidebar","site-content-layout":"page-builder","ast-site-content-layout":"","site-content-style":"default","site-sidebar-style":"default","ast-global-header-display":"","ast-banner-title-visibility":"","ast-main-header-display":"","ast-hfb-above-header-display":"","ast-hfb-below-header-display":"","ast-hfb-mobile-header-display":"","site-post-title":"disabled","ast-breadcrumbs-content":"","ast-featured-img":"disabled","footer-sml-layout":"","theme-transparent-header-meta":"enabled","adv-header-id-meta":"","stick-header-meta":"","header-above-stick-meta":"","header-main-stick-meta":"","header-below-stick-meta":"","astra-migrate-meta-layouts":"default","ast-page-background-enabled":"default","ast-page-background-meta":{"desktop":{"background-color":"","background-image":"","background-repeat":"repeat","background-position":"center center","background-size":"auto","background-attachment":"scroll","background-type":"","background-media":"","overlay-type":"","overlay-color":"","overlay-opacity":"","overlay-gradient":""},"tablet":{"background-color":"","background-image":"","background-repeat":"repeat","background-position":"center center","background-size":"auto","background-attachment":"scroll","background-type":"","background-media":"","overlay-type":"","overlay-color":"","overlay-opacity":"","overlay-gradient":""},"mobile":{"background-color":"","background-image":"","background-repeat":"repeat","background-position":"center center","background-size":"auto","background-attachment":"scroll","background-type":"","background-media":"","overlay-type":"","overlay-color":"","overlay-opacity":"","overlay-gradient":""}},"ast-content-background-meta":{"desktop":{"background-color":"var(--ast-global-color-5)","background-image":"","background-repeat":"repeat","background-position":"center center","background-size":"auto","background-attachment":"scroll","background-type":"","background-media":"","overlay-type":"","overlay-color":"","overlay-opacity":"","overlay-gradient":""},"tablet":{"background-color":"var(--ast-global-color-5)","background-image":"","background-repeat":"repeat","background-position":"center center","background-size":"auto","background-attachment":"scroll","background-type":"","background-media":"","overlay-type":"","overlay-color":"","overlay-opacity":"","overlay-gradient":""},"mobile":{"background-color":"var(--ast-global-color-5)","background-image":"","background-repeat":"repeat","background-position":"center center","background-size":"auto","background-attachment":"scroll","background-type":"","background-media":"","overlay-type":"","overlay-color":"","overlay-opacity":"","overlay-gradient":""}},"_joinchat":[],"footnotes":""},"class_list":["post-892","page","type-page","status-publish","hentry"],"yoast_head":"<!-- This site is optimized with the Yoast SEO plugin v25.3 - https:\/\/yoast.com\/wordpress\/plugins\/seo\/ -->\n<title>Ikira Coworking en Lleida - Alquiler de oficinas y espacios<\/title>\n<meta name=\"description\" content=\"En Ikira Coworking, ofrecemos centros de coworking para las empresas o los freelancers que buscan su espacio flexible. Oficinas privadas.\" \/>\n<meta name=\"robots\" content=\"noindex, nofollow\" \/>\n<meta property=\"og:locale\" content=\"es_ES\" \/>\n<meta property=\"og:type\" content=\"article\" \/>\n<meta property=\"og:title\" content=\"Ikira Coworking en Lleida - Alquiler de oficinas y espacios\" \/>\n<meta property=\"og:description\" content=\"En Ikira Coworking, ofrecemos centros de coworking para las empresas o los freelancers que buscan su espacio flexible. Oficinas privadas.\" \/>\n<meta property=\"og:url\" content=\"https:\/\/ikiracoworking.com\/?page_id=892\" \/>\n<meta property=\"og:site_name\" content=\"Coworking Ikira\" \/>\n<meta property=\"article:modified_time\" content=\"2023-02-05T15:12:11+00:00\" \/>\n<meta property=\"og:image\" content=\"https:\/\/ikiracoworking.com\/wp-content\/uploads\/2023\/02\/logo_transparente_web.png\" \/>\n\t<meta property=\"og:image:width\" content=\"1137\" \/>\n\t<meta property=\"og:image:height\" content=\"366\" \/>\n\t<meta property=\"og:image:type\" content=\"image\/png\" \/>\n<meta name=\"twitter:card\" content=\"summary_large_image\" \/>\n<meta name=\"twitter:label1\" content=\"Tiempo de lectura\" \/>\n\t<meta name=\"twitter:data1\" content=\"6 minutos\" \/>\n<script type=\"application\/ld+json\" class=\"yoast-schema-graph\">{\"@context\":\"https:\/\/schema.org\",\"@graph\":[{\"@type\":\"WebPage\",\"@id\":\"https:\/\/ikiracoworking.com\/?page_id=892\",\"url\":\"https:\/\/ikiracoworking.com\/?page_id=892\",\"name\":\"Ikira Coworking en Lleida - Alquiler de oficinas y espacios\",\"isPartOf\":{\"@id\":\"https:\/\/ikiracoworking.com\/#website\"},\"datePublished\":\"2020-09-25T08:09:56+00:00\",\"dateModified\":\"2023-02-05T15:12:11+00:00\",\"description\":\"En Ikira Coworking, ofrecemos centros de coworking para las empresas o los freelancers que buscan su espacio flexible. Oficinas privadas.\",\"breadcrumb\":{\"@id\":\"https:\/\/ikiracoworking.com\/?page_id=892#breadcrumb\"},\"inLanguage\":\"es\",\"potentialAction\":[{\"@type\":\"ReadAction\",\"target\":[\"https:\/\/ikiracoworking.com\/?page_id=892\"]}]},{\"@type\":\"BreadcrumbList\",\"@id\":\"https:\/\/ikiracoworking.com\/?page_id=892#breadcrumb\",\"itemListElement\":[{\"@type\":\"ListItem\",\"position\":1,\"name\":\"Home\",\"item\":\"https:\/\/ikiracoworking.com\/\"},{\"@type\":\"ListItem\",\"position\":2,\"name\":\"Pol\u00edtica de cookies\"}]},{\"@type\":\"WebSite\",\"@id\":\"https:\/\/ikiracoworking.com\/#website\",\"url\":\"https:\/\/ikiracoworking.com\/\",\"name\":\"Coworking iKira - El teu espai de treball a Lleida\",\"description\":\"El teu espai de treball a Lleida\",\"publisher\":{\"@id\":\"https:\/\/ikiracoworking.com\/#organization\"},\"alternateName\":\"Coworking iKira - El teu espai de treball a Lleida\",\"potentialAction\":[{\"@type\":\"SearchAction\",\"target\":{\"@type\":\"EntryPoint\",\"urlTemplate\":\"https:\/\/ikiracoworking.com\/?s={search_term_string}\"},\"query-input\":{\"@type\":\"PropertyValueSpecification\",\"valueRequired\":true,\"valueName\":\"search_term_string\"}}],\"inLanguage\":\"es\"},{\"@type\":\"Organization\",\"@id\":\"https:\/\/ikiracoworking.com\/#organization\",\"name\":\"Coworking iKira - El teu espai de treball a Lleida\",\"alternateName\":\"Coworking iKira - El teu espai de treball a Lleida\",\"url\":\"https:\/\/ikiracoworking.com\/\",\"logo\":{\"@type\":\"ImageObject\",\"inLanguage\":\"es\",\"@id\":\"https:\/\/ikiracoworking.com\/#\/schema\/logo\/image\/\",\"url\":\"https:\/\/ikiracoworking.com\/wp-content\/uploads\/2023\/02\/cropped-logo_transparente_web.png\",\"contentUrl\":\"https:\/\/ikiracoworking.com\/wp-content\/uploads\/2023\/02\/cropped-logo_transparente_web.png\",\"width\":1137,\"height\":366,\"caption\":\"Coworking iKira - El teu espai de treball a Lleida\"},\"image\":{\"@id\":\"https:\/\/ikiracoworking.com\/#\/schema\/logo\/image\/\"}}]}<\/script>\n<!-- \/ Yoast SEO plugin. -->","yoast_head_json":{"title":"Ikira Coworking en Lleida - Alquiler de oficinas y espacios","description":"En Ikira Coworking, ofrecemos centros de coworking para las empresas o los freelancers que buscan su espacio flexible. Oficinas privadas.","robots":{"index":"noindex","follow":"nofollow"},"og_locale":"es_ES","og_type":"article","og_title":"Ikira Coworking en Lleida - Alquiler de oficinas y espacios","og_description":"En Ikira Coworking, ofrecemos centros de coworking para las empresas o los freelancers que buscan su espacio flexible. Oficinas privadas.","og_url":"https:\/\/ikiracoworking.com\/?page_id=892","og_site_name":"Coworking Ikira","article_modified_time":"2023-02-05T15:12:11+00:00","og_image":[{"width":1137,"height":366,"url":"https:\/\/ikiracoworking.com\/wp-content\/uploads\/2023\/02\/logo_transparente_web.png","type":"image\/png"}],"twitter_card":"summary_large_image","twitter_misc":{"Tiempo de lectura":"6 minutos"},"schema":{"@context":"https:\/\/schema.org","@graph":[{"@type":"WebPage","@id":"https:\/\/ikiracoworking.com\/?page_id=892","url":"https:\/\/ikiracoworking.com\/?page_id=892","name":"Ikira Coworking en Lleida - Alquiler de oficinas y espacios","isPartOf":{"@id":"https:\/\/ikiracoworking.com\/#website"},"datePublished":"2020-09-25T08:09:56+00:00","dateModified":"2023-02-05T15:12:11+00:00","description":"En Ikira Coworking, ofrecemos centros de coworking para las empresas o los freelancers que buscan su espacio flexible. Oficinas privadas.","breadcrumb":{"@id":"https:\/\/ikiracoworking.com\/?page_id=892#breadcrumb"},"inLanguage":"es","potentialAction":[{"@type":"ReadAction","target":["https:\/\/ikiracoworking.com\/?page_id=892"]}]},{"@type":"BreadcrumbList","@id":"https:\/\/ikiracoworking.com\/?page_id=892#breadcrumb","itemListElement":[{"@type":"ListItem","position":1,"name":"Home","item":"https:\/\/ikiracoworking.com\/"},{"@type":"ListItem","position":2,"name":"Pol\u00edtica de cookies"}]},{"@type":"WebSite","@id":"https:\/\/ikiracoworking.com\/#website","url":"https:\/\/ikiracoworking.com\/","name":"Coworking iKira - El teu espai de treball a Lleida","description":"El teu espai de treball a Lleida","publisher":{"@id":"https:\/\/ikiracoworking.com\/#organization"},"alternateName":"Coworking iKira - El teu espai de treball a Lleida","potentialAction":[{"@type":"SearchAction","target":{"@type":"EntryPoint","urlTemplate":"https:\/\/ikiracoworking.com\/?s={search_term_string}"},"query-input":{"@type":"PropertyValueSpecification","valueRequired":true,"valueName":"search_term_string"}}],"inLanguage":"es"},{"@type":"Organization","@id":"https:\/\/ikiracoworking.com\/#organization","name":"Coworking iKira - El teu espai de treball a Lleida","alternateName":"Coworking iKira - El teu espai de treball a Lleida","url":"https:\/\/ikiracoworking.com\/","logo":{"@type":"ImageObject","inLanguage":"es","@id":"https:\/\/ikiracoworking.com\/#\/schema\/logo\/image\/","url":"https:\/\/ikiracoworking.com\/wp-content\/uploads\/2023\/02\/cropped-logo_transparente_web.png","contentUrl":"https:\/\/ikiracoworking.com\/wp-content\/uploads\/2023\/02\/cropped-logo_transparente_web.png","width":1137,"height":366,"caption":"Coworking iKira - El teu espai de treball a Lleida"},"image":{"@id":"https:\/\/ikiracoworking.com\/#\/schema\/logo\/image\/"}}]}},"_links":{"self":[{"href":"https:\/\/ikiracoworking.com\/index.php?rest_route=\/wp\/v2\/pages\/892","targetHints":{"allow":["GET"]}}],"collection":[{"href":"https:\/\/ikiracoworking.com\/index.php?rest_route=\/wp\/v2\/pages"}],"about":[{"href":"https:\/\/ikiracoworking.com\/index.php?rest_route=\/wp\/v2\/types\/page"}],"author":[{"embeddable":true,"href":"https:\/\/ikiracoworking.com\/index.php?rest_route=\/wp\/v2\/users\/1"}],"replies":[{"embeddable":true,"href":"https:\/\/ikiracoworking.com\/index.php?rest_route=%2Fwp%2Fv2%2Fcomments&post=892"}],"version-history":[{"count":5,"href":"https:\/\/ikiracoworking.com\/index.php?rest_route=\/wp\/v2\/pages\/892\/revisions"}],"predecessor-version":[{"id":1169,"href":"https:\/\/ikiracoworking.com\/index.php?rest_route=\/wp\/v2\/pages\/892\/revisions\/1169"}],"wp:attachment":[{"href":"https:\/\/ikiracoworking.com\/index.php?rest_route=%2Fwp%2Fv2%2Fmedia&parent=892"}],"curies":[{"name":"wp","href":"https:\/\/api.w.org\/{rel}","templated":true}]}}